{"id":318,"date":"2019-07-27T15:08:28","date_gmt":"2019-07-27T15:08:28","guid":{"rendered":"https:\/\/anadromos.pt\/related-projects\/"},"modified":"2019-07-27T15:08:28","modified_gmt":"2019-07-27T15:08:28","slug":"related-projects","status":"publish","type":"page","link":"https:\/\/anadromos.pt\/en\/related-projects\/","title":{"rendered":"RELATED PROJECTS"},"content":{"rendered":"<div  class='avia-slideshow av-jyg6kr2k-dbafd6babeee3a8383c6cdc2412430df avia-slideshow-featured av_slideshow avia-slide-slider  avia-builder-el-0  el_before_av_section  avia-builder-el-no-sibling  av-slideshow-ui av-control-minimal av-slideshow-autoplay av-loop-endless av-loop-manual-endless av-default-height-applied avia-slideshow-1' data-slideshow-options=\"{&quot;animation&quot;:&quot;slide&quot;,&quot;autoplay&quot;:true,&quot;loop_autoplay&quot;:&quot;endless&quot;,&quot;interval&quot;:5,&quot;loop_manual&quot;:&quot;manual-endless&quot;,&quot;autoplay_stopper&quot;:false,&quot;noNavigation&quot;:false,&quot;bg_slider&quot;:false,&quot;keep_padding&quot;:false,&quot;hoverpause&quot;:false,&quot;show_slide_delay&quot;:0}\"  itemprop=\"image\" itemscope=\"itemscope\" itemtype=\"https:\/\/schema.org\/ImageObject\" ><ul class='avia-slideshow-inner ' style='padding-bottom: 47.777777777778%;'><li  class='avia-slideshow-slide av-jyg6kr2k-dbafd6babeee3a8383c6cdc2412430df__0  slide-1 slide-odd'><div data-rel='slideshow-1' class='avia-slide-wrap '   ><img fetchpriority=\"high\" class=\"wp-image-363 avia-img-lazy-loading-not-363\"  src='https:\/\/anadromos.pt\/wp-content\/uploads\/2019\/07\/projetos-relacionados-01-900x430.jpg' width='900' height='430' title='' alt=''  itemprop=\"thumbnailUrl\"   \/><\/div><\/li><li  class='avia-slideshow-slide av-jyg6kr2k-dbafd6babeee3a8383c6cdc2412430df__1  slide-2 slide-even'><div data-rel='slideshow-1' class='avia-slide-wrap '   ><img fetchpriority=\"high\" class=\"wp-image-364 avia-img-lazy-loading-not-364\"  src='https:\/\/anadromos.pt\/wp-content\/uploads\/2019\/07\/projetos-relacionados-02-900x430.jpg' width='900' height='430' title='' alt=''  itemprop=\"thumbnailUrl\"   \/><\/div><\/li><li  class='avia-slideshow-slide av-jyg6kr2k-dbafd6babeee3a8383c6cdc2412430df__2  slide-3 slide-odd'><div data-rel='slideshow-1' class='avia-slide-wrap '   ><img fetchpriority=\"high\" class=\"wp-image-365 avia-img-lazy-loading-not-365\"  src='https:\/\/anadromos.pt\/wp-content\/uploads\/2019\/07\/projetos-relacionados-03-900x430.jpg' width='900' height='430' title='' alt=''  itemprop=\"thumbnailUrl\"   \/><\/div><\/li><li  class='avia-slideshow-slide av-jyg6kr2k-dbafd6babeee3a8383c6cdc2412430df__3  slide-4 slide-even'><div data-rel='slideshow-1' class='avia-slide-wrap '   ><img fetchpriority=\"high\" class=\"wp-image-367 avia-img-lazy-loading-not-367\"  src='https:\/\/anadromos.pt\/wp-content\/uploads\/2019\/07\/projetos-relacionados-05-900x430.jpg' width='900' height='430' title='' alt=''  itemprop=\"thumbnailUrl\"   \/><\/div><\/li><li  class='avia-slideshow-slide av-jyg6kr2k-dbafd6babeee3a8383c6cdc2412430df__4  slide-5 slide-odd'><div data-rel='slideshow-1' class='avia-slide-wrap '   ><img fetchpriority=\"high\" class=\"wp-image-368 avia-img-lazy-loading-not-368\"  src='https:\/\/anadromos.pt\/wp-content\/uploads\/2019\/07\/projetos-relacionados-06-900x430.jpg' width='900' height='430' title='' alt=''  itemprop=\"thumbnailUrl\"   \/><\/div><\/li><li  class='avia-slideshow-slide av-jyg6kr2k-dbafd6babeee3a8383c6cdc2412430df__5  slide-6 slide-even'><div data-rel='slideshow-1' class='avia-slide-wrap '   ><img fetchpriority=\"high\" class=\"wp-image-369 avia-img-lazy-loading-not-369\"  src='https:\/\/anadromos.pt\/wp-content\/uploads\/2019\/07\/projetos-relacionados-07-900x430.jpg' width='900' height='430' title='' alt=''  itemprop=\"thumbnailUrl\"   \/><\/div><\/li><li  class='avia-slideshow-slide av-jyg6kr2k-dbafd6babeee3a8383c6cdc2412430df__6  slide-7 slide-odd'><div data-rel='slideshow-1' class='avia-slide-wrap '   ><img fetchpriority=\"high\" class=\"wp-image-370 avia-img-lazy-loading-not-370\"  src='https:\/\/anadromos.pt\/wp-content\/uploads\/2019\/07\/projetos-relacionados-08-900x430.jpg' width='900' height='430' title='' alt=''  itemprop=\"thumbnailUrl\"   \/><\/div><\/li><li  class='avia-slideshow-slide av-jyg6kr2k-dbafd6babeee3a8383c6cdc2412430df__7  slide-8 slide-even'><div data-rel='slideshow-1' class='avia-slide-wrap '   ><img fetchpriority=\"high\" class=\"wp-image-371 avia-img-lazy-loading-not-371\"  src='https:\/\/anadromos.pt\/wp-content\/uploads\/2019\/07\/projetos-relacionados-09-900x430.jpg' width='900' height='430' title='' alt=''  itemprop=\"thumbnailUrl\"   \/><\/div><\/li><li  class='avia-slideshow-slide av-jyg6kr2k-dbafd6babeee3a8383c6cdc2412430df__8  slide-9 slide-odd'><div data-rel='slideshow-1' class='avia-slide-wrap '   ><img fetchpriority=\"high\" class=\"wp-image-372 avia-img-lazy-loading-not-372\"  src='https:\/\/anadromos.pt\/wp-content\/uploads\/2019\/07\/projetos-relacionados-10-900x430.jpg' width='900' height='430' title='' alt=''  itemprop=\"thumbnailUrl\"   \/><\/div><\/li><li  class='avia-slideshow-slide av-jyg6kr2k-dbafd6babeee3a8383c6cdc2412430df__9  slide-10 slide-even'><div data-rel='slideshow-1' class='avia-slide-wrap '   ><img fetchpriority=\"high\" class=\"wp-image-360 avia-img-lazy-loading-not-360\"  src='https:\/\/anadromos.pt\/wp-content\/uploads\/2019\/07\/projetos-relacionados-11-900x430.jpg' width='900' height='430' title='' alt=''  itemprop=\"thumbnailUrl\"   \/><\/div><\/li><li  class='avia-slideshow-slide av-jyg6kr2k-dbafd6babeee3a8383c6cdc2412430df__10  slide-11 slide-odd'><div data-rel='slideshow-1' class='avia-slide-wrap '   ><img fetchpriority=\"high\" class=\"wp-image-361 avia-img-lazy-loading-not-361\"  src='https:\/\/anadromos.pt\/wp-content\/uploads\/2019\/07\/projetos-relacionados-12-900x430.jpg' width='900' height='430' title='' alt=''  itemprop=\"thumbnailUrl\"   \/><\/div><\/li><li  class='avia-slideshow-slide av-jyg6kr2k-dbafd6babeee3a8383c6cdc2412430df__11  slide-12 slide-even'><div data-rel='slideshow-1' class='avia-slide-wrap '   ><img fetchpriority=\"high\" class=\"wp-image-362 avia-img-lazy-loading-not-362\"  src='https:\/\/anadromos.pt\/wp-content\/uploads\/2019\/07\/projetos-relacionados-13-900x430.jpg' width='900' height='430' title='' alt=''  itemprop=\"thumbnailUrl\"   \/><\/div><\/li><\/ul><div class='avia-slideshow-arrows avia-slideshow-controls' ><a href='#prev' class='prev-slide ' aria-hidden='true' data-av_icon='\ue87c' data-av_iconfont='entypo-fontello'  tabindex='-1'>Previous<\/a><a href='#next' class='next-slide ' aria-hidden='true' data-av_icon='\ue87d' data-av_iconfont='entypo-fontello'  tabindex='-1'>Next<\/a><\/div><div class='avia-slideshow-dots avia-slideshow-controls'><a href='#1' class='goto-slide active' >1<\/a><a href='#2' class='goto-slide ' >2<\/a><a href='#3' class='goto-slide ' >3<\/a><a href='#4' class='goto-slide ' >4<\/a><a href='#5' class='goto-slide ' >5<\/a><a href='#6' class='goto-slide ' >6<\/a><a href='#7' class='goto-slide ' >7<\/a><a href='#8' class='goto-slide ' >8<\/a><a href='#9' class='goto-slide ' >9<\/a><a href='#10' class='goto-slide ' >10<\/a><a href='#11' class='goto-slide ' >11<\/a><a href='#12' class='goto-slide ' >12<\/a><\/div><\/div>\n<\/div><\/div><\/div><!-- close content main div --><\/div><\/div><div id='av_section_1'  class='avia-section av-1b0xh-f0e896c2a01a7d63f91653dfd94d9dbc main_color avia-section-default avia-no-border-styling  avia-builder-el-1  el_after_av_slideshow  avia-builder-el-last  avia-bg-style-scroll container_wrap fullsize'  ><div class='container av-section-cont-open' ><div class='template-page content  av-content-full alpha units'><div class='post-entry post-entry-type-page post-entry-318'><div class='entry-content-wrapper clearfix'>\n\n<style type=\"text\/css\" data-created_by=\"avia_inline_auto\" id=\"style-css-av-rewt-9cd947894379b7020fb8e19a8ed8f2be\">\n.flex_column.av-rewt-9cd947894379b7020fb8e19a8ed8f2be{\nborder-radius:0px 0px 0px 0px;\npadding:0px 0px 0px 0px;\n}\n<\/style>\n<div  class='flex_column av-rewt-9cd947894379b7020fb8e19a8ed8f2be av_one_full  avia-builder-el-2  avia-builder-el-no-sibling  first flex_column_div av-zero-column-padding  '     ><section  class='av_textblock_section av-jvjn3wle-c627176f9e6ca7df51910d1ddf88df5d '   itemscope=\"itemscope\" itemtype=\"https:\/\/schema.org\/CreativeWork\" ><div class='avia_textblock'  itemprop=\"text\" ><ul>\n<li><a href=\"http:\/\/www.life-agueda.uevora.pt\/\" target=\"_blank\" rel=\"noopener noreferrer\"><strong>LIFE \u00c1GUEDA &#8211; A\u00e7\u00f5es de conserva\u00e7\u00e3o e gest\u00e3o para peixes migradores na bacia hidrogr\u00e1fica do Vouga (LIFE16 ENV\/PT\/000411)<\/strong><\/a><\/li>\n<li><a href=\"http:\/\/www.rhpdm.uevora.pt\" target=\"_blank\" rel=\"noopener noreferrer\"><b>REABILITA\u00c7\u00c3O DOS HABITATS DE PEIXES DI\u00c1DROMOS NA BACIA HIDROGR\u00c1FICA DO MONDEGO, PORTUGAL<\/b><\/a><\/li>\n<\/ul>\n<\/div><\/section><\/div>\n","protected":false},"excerpt":{"rendered":"","protected":false},"author":1,"featured_media":0,"parent":0,"menu_order":0,"comment_status":"closed","ping_status":"closed","template":"","meta":{"footnotes":""},"class_list":["post-318","page","type-page","status-publish","hentry"],"yoast_head":"<!-- This site is optimized with the Yoast SEO plugin v26.8 - https:\/\/yoast.com\/product\/yoast-seo-wordpress\/ -->\n<title>RELATED PROJECTS - Portal da Pesca: An\u00e1dromos<\/title>\n<meta name=\"robots\" content=\"index, follow, max-snippet:-1, max-image-preview:large, max-video-preview:-1\" \/>\n<link rel=\"canonical\" href=\"https:\/\/anadromos.pt\/projetos-relacionados\/\" \/>\n<meta property=\"og:locale\" content=\"en_US\" \/>\n<meta property=\"og:type\" content=\"article\" \/>\n<meta property=\"og:title\" content=\"RELATED PROJECTS - Portal da Pesca: An\u00e1dromos\" \/>\n<meta property=\"og:url\" content=\"https:\/\/anadromos.pt\/projetos-relacionados\/\" \/>\n<meta property=\"og:site_name\" content=\"Portal da Pesca: An\u00e1dromos\" \/>\n<meta name=\"twitter:card\" content=\"summary_large_image\" \/>\n<meta name=\"twitter:label1\" content=\"Est. reading time\" \/>\n\t<meta name=\"twitter:data1\" content=\"5 minutes\" \/>\n<script type=\"application\/ld+json\" class=\"yoast-schema-graph\">{\"@context\":\"https:\/\/schema.org\",\"@graph\":[{\"@type\":\"WebPage\",\"@id\":\"https:\/\/anadromos.pt\/projetos-relacionados\/\",\"url\":\"https:\/\/anadromos.pt\/projetos-relacionados\/\",\"name\":\"RELATED PROJECTS - Portal da Pesca: An\u00e1dromos\",\"isPartOf\":{\"@id\":\"https:\/\/anadromos.pt\/#website\"},\"datePublished\":\"2019-07-27T15:08:28+00:00\",\"breadcrumb\":{\"@id\":\"https:\/\/anadromos.pt\/projetos-relacionados\/#breadcrumb\"},\"inLanguage\":\"en-US\",\"potentialAction\":[{\"@type\":\"ReadAction\",\"target\":[\"https:\/\/anadromos.pt\/projetos-relacionados\/\"]}]},{\"@type\":\"BreadcrumbList\",\"@id\":\"https:\/\/anadromos.pt\/projetos-relacionados\/#breadcrumb\",\"itemListElement\":[{\"@type\":\"ListItem\",\"position\":1,\"name\":\"In\u00edcio\",\"item\":\"https:\/\/anadromos.pt\/\"},{\"@type\":\"ListItem\",\"position\":2,\"name\":\"RELATED PROJECTS\"}]},{\"@type\":\"WebSite\",\"@id\":\"https:\/\/anadromos.pt\/#website\",\"url\":\"https:\/\/anadromos.pt\/\",\"name\":\"Portal da Pesca: An\u00e1dromos\",\"description\":\"\",\"potentialAction\":[{\"@type\":\"SearchAction\",\"target\":{\"@type\":\"EntryPoint\",\"urlTemplate\":\"https:\/\/anadromos.pt\/?s={search_term_string}\"},\"query-input\":{\"@type\":\"PropertyValueSpecification\",\"valueRequired\":true,\"valueName\":\"search_term_string\"}}],\"inLanguage\":\"en-US\"}]}<\/script>\n<!-- \/ Yoast SEO plugin. -->","yoast_head_json":{"title":"RELATED PROJECTS - Portal da Pesca: An\u00e1dromos","robots":{"index":"index","follow":"follow","max-snippet":"max-snippet:-1","max-image-preview":"max-image-preview:large","max-video-preview":"max-video-preview:-1"},"canonical":"https:\/\/anadromos.pt\/projetos-relacionados\/","og_locale":"en_US","og_type":"article","og_title":"RELATED PROJECTS - Portal da Pesca: An\u00e1dromos","og_url":"https:\/\/anadromos.pt\/projetos-relacionados\/","og_site_name":"Portal da Pesca: An\u00e1dromos","twitter_card":"summary_large_image","twitter_misc":{"Est. reading time":"5 minutes"},"schema":{"@context":"https:\/\/schema.org","@graph":[{"@type":"WebPage","@id":"https:\/\/anadromos.pt\/projetos-relacionados\/","url":"https:\/\/anadromos.pt\/projetos-relacionados\/","name":"RELATED PROJECTS - Portal da Pesca: An\u00e1dromos","isPartOf":{"@id":"https:\/\/anadromos.pt\/#website"},"datePublished":"2019-07-27T15:08:28+00:00","breadcrumb":{"@id":"https:\/\/anadromos.pt\/projetos-relacionados\/#breadcrumb"},"inLanguage":"en-US","potentialAction":[{"@type":"ReadAction","target":["https:\/\/anadromos.pt\/projetos-relacionados\/"]}]},{"@type":"BreadcrumbList","@id":"https:\/\/anadromos.pt\/projetos-relacionados\/#breadcrumb","itemListElement":[{"@type":"ListItem","position":1,"name":"In\u00edcio","item":"https:\/\/anadromos.pt\/"},{"@type":"ListItem","position":2,"name":"RELATED PROJECTS"}]},{"@type":"WebSite","@id":"https:\/\/anadromos.pt\/#website","url":"https:\/\/anadromos.pt\/","name":"Portal da Pesca: An\u00e1dromos","description":"","potentialAction":[{"@type":"SearchAction","target":{"@type":"EntryPoint","urlTemplate":"https:\/\/anadromos.pt\/?s={search_term_string}"},"query-input":{"@type":"PropertyValueSpecification","valueRequired":true,"valueName":"search_term_string"}}],"inLanguage":"en-US"}]}},"_links":{"self":[{"href":"https:\/\/anadromos.pt\/en\/wp-json\/wp\/v2\/pages\/318","targetHints":{"allow":["GET"]}}],"collection":[{"href":"https:\/\/anadromos.pt\/en\/wp-json\/wp\/v2\/pages"}],"about":[{"href":"https:\/\/anadromos.pt\/en\/wp-json\/wp\/v2\/types\/page"}],"author":[{"embeddable":true,"href":"https:\/\/anadromos.pt\/en\/wp-json\/wp\/v2\/users\/1"}],"replies":[{"embeddable":true,"href":"https:\/\/anadromos.pt\/en\/wp-json\/wp\/v2\/comments?post=318"}],"version-history":[{"count":1,"href":"https:\/\/anadromos.pt\/en\/wp-json\/wp\/v2\/pages\/318\/revisions"}],"predecessor-version":[{"id":319,"href":"https:\/\/anadromos.pt\/en\/wp-json\/wp\/v2\/pages\/318\/revisions\/319"}],"wp:attachment":[{"href":"https:\/\/anadromos.pt\/en\/wp-json\/wp\/v2\/media?parent=318"}],"curies":[{"name":"wp","href":"https:\/\/api.w.org\/{rel}","templated":true}]}}