{"id":304,"date":"2019-07-27T14:56:11","date_gmt":"2019-07-27T14:56:11","guid":{"rendered":"https:\/\/anadromos.pt\/project\/project-action-3\/"},"modified":"2019-07-27T15:00:14","modified_gmt":"2019-07-27T15:00:14","slug":"project-action-3","status":"publish","type":"page","link":"https:\/\/anadromos.pt\/en\/project\/project-action-3\/","title":{"rendered":"PROJECT &#8211; Action 3"},"content":{"rendered":"<div id='full_slider_1'  class='avia-fullwidth-slider main_color avia-shadow   avia-builder-el-0  el_before_av_section  avia-builder-el-first   container_wrap fullsize'  ><div  class='avia-slideshow av-jvjsloxb-0ea751d224b350f2c021a60a613f13b2 avia-slideshow-no scaling av_slideshow_full avia-fade-slider av-slideshow-ui av-control-minimal av-slideshow-manual av-loop-once av-loop-manual-endless av-default-height-applied   avia-slideshow-1' data-slideshow-options=\"{&quot;animation&quot;:&quot;fade&quot;,&quot;autoplay&quot;:false,&quot;loop_autoplay&quot;:&quot;once&quot;,&quot;interval&quot;:5,&quot;loop_manual&quot;:&quot;manual-endless&quot;,&quot;autoplay_stopper&quot;:false,&quot;noNavigation&quot;:false,&quot;bg_slider&quot;:false,&quot;keep_padding&quot;:false,&quot;hoverpause&quot;:false,&quot;show_slide_delay&quot;:0}\"  itemprop=\"image\" itemscope=\"itemscope\" itemtype=\"https:\/\/schema.org\/ImageObject\" ><ul class='avia-slideshow-inner ' style='padding-bottom: 40%;'><li  class='avia-slideshow-slide av-jvjsloxb-0ea751d224b350f2c021a60a613f13b2__0  slide-1 slide-odd'><div data-rel='slideshow-1' class='avia-slide-wrap '   ><img fetchpriority=\"high\" class=\"wp-image-386 avia-img-lazy-loading-not-386\"  src='https:\/\/anadromos.pt\/wp-content\/uploads\/2019\/07\/projeto-acao-3-2.jpg' width='1500' height='600' title='' alt=''  itemprop=\"thumbnailUrl\"   \/><\/div><\/li><li  class='avia-slideshow-slide av-jvjsloxb-0ea751d224b350f2c021a60a613f13b2__1  slide-2 slide-even'><div data-rel='slideshow-1' class='avia-slide-wrap '   ><img fetchpriority=\"high\" class=\"wp-image-385 avia-img-lazy-loading-not-385\"  src='https:\/\/anadromos.pt\/wp-content\/uploads\/2019\/07\/projeto-acao-3-1.jpg' width='1500' height='600' title='' alt=''  itemprop=\"thumbnailUrl\"   \/><\/div><\/li><li  class='avia-slideshow-slide av-jvjsloxb-0ea751d224b350f2c021a60a613f13b2__2  slide-3 slide-odd'><div data-rel='slideshow-1' class='avia-slide-wrap '   ><img fetchpriority=\"high\" class=\"wp-image-387 avia-img-lazy-loading-not-387\"  src='https:\/\/anadromos.pt\/wp-content\/uploads\/2019\/07\/projeto-acao-3-3.jpg' width='1500' height='600' title='' alt=''  itemprop=\"thumbnailUrl\"   \/><\/div><\/li><\/ul><div class='avia-slideshow-arrows avia-slideshow-controls' ><a href='#prev' class='prev-slide ' aria-hidden='true' data-av_icon='\ue87c' data-av_iconfont='entypo-fontello'  tabindex='-1'>Previous<\/a><a href='#next' class='next-slide ' aria-hidden='true' data-av_icon='\ue87d' data-av_iconfont='entypo-fontello'  tabindex='-1'>Next<\/a><\/div><div class='avia-slideshow-dots avia-slideshow-controls'><a href='#1' class='goto-slide active' >1<\/a><a href='#2' class='goto-slide ' >2<\/a><a href='#3' class='goto-slide ' >3<\/a><\/div><\/div><\/div>\n<div id='av_section_1'  class='avia-section av-1jo17-bb760acceb07d1bf7d35f928c892ce68 main_color avia-section-default avia-no-border-styling  avia-builder-el-1  el_after_av_slideshow_full  avia-builder-el-last  avia-bg-style-scroll container_wrap fullsize'  ><div class='container av-section-cont-open' ><div class='template-page content  av-content-full alpha units'><div class='post-entry post-entry-type-page post-entry-304'><div class='entry-content-wrapper clearfix'>\n\n<style type=\"text\/css\" data-created_by=\"avia_inline_auto\" id=\"style-css-av-s6df-b8064089f12a79b29ee0cb3f1e8e8b1d\">\n.flex_column.av-s6df-b8064089f12a79b29ee0cb3f1e8e8b1d{\nborder-radius:0px 0px 0px 0px;\npadding:0px 0px 0px 0px;\n}\n<\/style>\n<div  class='flex_column av-s6df-b8064089f12a79b29ee0cb3f1e8e8b1d av_one_full  avia-builder-el-2  avia-builder-el-no-sibling  first flex_column_div av-zero-column-padding  '     ><section  class='av_textblock_section av-jvjn3wle-c627176f9e6ca7df51910d1ddf88df5d '   itemscope=\"itemscope\" itemtype=\"https:\/\/schema.org\/CreativeWork\" ><div class='avia_textblock'  itemprop=\"text\" ><h3>ACTION 3. Developing a pilot-project in Mondego river basin.<\/h3>\n<\/div><\/section><br \/>\n<section  class='av_textblock_section av-jvjn5ljh-c213916d4a8cbb9b05b64d93555a9884 '   itemscope=\"itemscope\" itemtype=\"https:\/\/schema.org\/CreativeWork\" ><div class='avia_textblock'  itemprop=\"text\" ><p>This action intends to implement a monitoring methodology, independent from landing declarations, by assessing the number of anadromous spawners that annually get into Mondego basin, allowing validation of the data collection methodology.<br \/>\nTherefore, the main goal of this action is to validate data collected from Action 2 through data collected independently by the monitoring system installed at Mondego River, more specifically at the vertical-slot fish pass of the A\u00e7ude-Ponte dam in Coimbra.<\/p>\n<\/div><\/section><br \/>\n<section  class='av_textblock_section av-jvjn6rsu-af71f9b656ceb8f4cebde2570c2ddc40 '   itemscope=\"itemscope\" itemtype=\"https:\/\/schema.org\/CreativeWork\" ><div class='avia_textblock'  itemprop=\"text\" ><p>Action 3 comprehends three tasks: <strong>T3.1. Visual counts of the anadromous fish passing by the fish pass <\/strong><strong>of the Coimbra<\/strong> <strong>A\u00e7ude-Ponte dam<\/strong><strong>; T3.2. Development of the Fishery Portal (Portal da Pesca); T3.3. Regional certification for the valorisation of fishing products.<\/strong><\/p>\n<\/div><\/section><br \/>\n\n<style type=\"text\/css\" data-created_by=\"avia_inline_auto\" id=\"style-css-av-jvjsnomn-d9323b6df659fe1397ed6e72115f93bd\">\n#top .hr.hr-invisible.av-jvjsnomn-d9323b6df659fe1397ed6e72115f93bd{\nheight:50px;\n}\n<\/style>\n<div  class='hr av-jvjsnomn-d9323b6df659fe1397ed6e72115f93bd hr-invisible  avia-builder-el-6  el_after_av_textblock  el_before_av_textblock '><span class='hr-inner '><span class=\"hr-inner-style\"><\/span><\/span><\/div><br \/>\n<section  class='av_textblock_section av-jvjn3wle-c627176f9e6ca7df51910d1ddf88df5d '   itemscope=\"itemscope\" itemtype=\"https:\/\/schema.org\/CreativeWork\" ><div class='avia_textblock'  itemprop=\"text\" ><p><b>FISHERY PORTAL<\/b><\/p>\n<\/div><\/section><br \/>\n<section  class='av_textblock_section av-jvjn5ljh-c213916d4a8cbb9b05b64d93555a9884 '   itemscope=\"itemscope\" itemtype=\"https:\/\/schema.org\/CreativeWork\" ><div class='avia_textblock'  itemprop=\"text\" ><p>The conception of the <strong>Fishery Portal<\/strong> aims to empower fishing professionals and to enable catch information assessment. It is intended that both marine and freshwater commercial fishermen, from both jurisdictions, are themselves capable of submitting voluntarily their catch numbers through the app.<\/p>\n<p>This platform can be accessed through smartphones, tablets and computers with internet connection or, as an alternative, at \u201c<strong>Fisherman Kiosk<\/strong>\u201d (Quiosque do Pescador), a facility with direct and exclusive access to the portal, which will be installed in strategic spots at Mondego river basin.<\/p>\n<\/div><\/section><br \/>\n\n<style type=\"text\/css\" data-created_by=\"avia_inline_auto\" id=\"style-css-av-jvjsnomn-3f9ee8e752d6b93c713a8af73f77b7e6\">\n#top .hr.hr-invisible.av-jvjsnomn-3f9ee8e752d6b93c713a8af73f77b7e6{\nheight:30px;\n}\n<\/style>\n<div  class='hr av-jvjsnomn-3f9ee8e752d6b93c713a8af73f77b7e6 hr-invisible  avia-builder-el-9  el_after_av_textblock  el_before_av_image '><span class='hr-inner '><span class=\"hr-inner-style\"><\/span><\/span><\/div><br \/>\n\n<style type=\"text\/css\" data-created_by=\"avia_inline_auto\" id=\"style-css-av-jyhe37h3-e9e42ecb51de21d63dc6e328e10ade2a\">\n.avia-image-container.av-jyhe37h3-e9e42ecb51de21d63dc6e328e10ade2a img.avia_image{\nbox-shadow:none;\n}\n.avia-image-container.av-jyhe37h3-e9e42ecb51de21d63dc6e328e10ade2a .av-image-caption-overlay-center{\ncolor:#ffffff;\n}\n<\/style>\n<div  class='avia-image-container av-jyhe37h3-e9e42ecb51de21d63dc6e328e10ade2a av-styling- av-img-linked avia-align-center  avia-builder-el-10  el_after_av_hr  el_before_av_hr '   itemprop=\"image\" itemscope=\"itemscope\" itemtype=\"https:\/\/schema.org\/ImageObject\" ><div class=\"avia-image-container-inner\"><div class=\"avia-image-overlay-wrap\"><a href=\"https:\/\/portal.anadromos.pt\/\" class='avia_image '  target=\"_blank\"  rel=\"noopener noreferrer\" ><img fetchpriority=\"high\" class='wp-image-358 avia-img-lazy-loading-not-358 avia_image ' src='https:\/\/anadromos.pt\/wp-content\/uploads\/2019\/07\/mockup-portal-a.jpg' alt='' title=''  height=\"350\" width=\"583\"  itemprop=\"thumbnailUrl\"  \/><\/a><\/div><\/div><\/div><br \/>\n\n<style type=\"text\/css\" data-created_by=\"avia_inline_auto\" id=\"style-css-av-jvjsnomn-720351888a5ad53d56e0ba2eb1d83476\">\n#top .hr.hr-invisible.av-jvjsnomn-720351888a5ad53d56e0ba2eb1d83476{\nheight:70px;\n}\n<\/style>\n<div  class='hr av-jvjsnomn-720351888a5ad53d56e0ba2eb1d83476 hr-invisible  avia-builder-el-11  el_after_av_image  el_before_av_textblock '><span class='hr-inner '><span class=\"hr-inner-style\"><\/span><\/span><\/div><br \/>\n<section  class='av_textblock_section av-jvjn3wle-c627176f9e6ca7df51910d1ddf88df5d '   itemscope=\"itemscope\" itemtype=\"https:\/\/schema.org\/CreativeWork\" ><div class='avia_textblock'  itemprop=\"text\" ><p><b>CERTIFICATION<\/b><\/p>\n<\/div><\/section><br \/>\n<section  class='av_textblock_section av-jvjn5ljh-c213916d4a8cbb9b05b64d93555a9884 '   itemscope=\"itemscope\" itemtype=\"https:\/\/schema.org\/CreativeWork\" ><div class='avia_textblock'  itemprop=\"text\" ><p>Em parceria com a Docapesca pretende-se implementar um programa de certifica\u00e7\u00e3o regional com o objetivo de valorizar os produtos locais capturados segundo os m\u00e9todos tradicionais de pesca.<\/p>\n<p>Cada exemplar capturado ter\u00e1 uma etiqueta com a origem e o m\u00e9todo de captura contribuindo para a promo\u00e7\u00e3o do consumo de um produto proveniente de uma pescaria gerida de forma sustent\u00e1vel. Ao mesmo tempo s\u00e3o promovidos os produtos regionais, contribuindo para melhoria do rendimento da pesca para o pescador.<\/p>\n<\/div><\/section><br \/>\n<div  class='avia-slideshow av-jvjswxof-e1d98675ec8bc83e6ad90c7ab102dac1 avia-slideshow-no scaling av_slideshow avia-fade-slider  avia-builder-el-14  el_after_av_textblock  el_before_av_hr  av-slideshow-ui av-control-minimal av-slideshow-manual av-loop-once av-loop-manual-endless av-default-height-applied avia-slideshow-2' data-slideshow-options=\"{&quot;animation&quot;:&quot;fade&quot;,&quot;autoplay&quot;:false,&quot;loop_autoplay&quot;:&quot;once&quot;,&quot;interval&quot;:5,&quot;loop_manual&quot;:&quot;manual-endless&quot;,&quot;autoplay_stopper&quot;:false,&quot;noNavigation&quot;:false,&quot;bg_slider&quot;:false,&quot;keep_padding&quot;:false,&quot;hoverpause&quot;:false,&quot;show_slide_delay&quot;:0}\"  itemprop=\"image\" itemscope=\"itemscope\" itemtype=\"https:\/\/schema.org\/ImageObject\" ><ul class='avia-slideshow-inner ' style='padding-bottom: 40%;'><li  class='avia-slideshow-slide av-jvjswxof-e1d98675ec8bc83e6ad90c7ab102dac1__0  slide-1 slide-odd'><div data-rel='slideshow-2' class='avia-slide-wrap '   ><img fetchpriority=\"high\" class=\"wp-image-351 avia-img-lazy-loading-not-351\"  src='https:\/\/anadromos.pt\/wp-content\/uploads\/2019\/05\/projeto-acao-3-certificacao-a.jpg' width='1500' height='600' title='' alt=''  itemprop=\"thumbnailUrl\"   \/><\/div><\/li><li  class='avia-slideshow-slide av-jvjswxof-e1d98675ec8bc83e6ad90c7ab102dac1__1  slide-2 slide-even'><div data-rel='slideshow-2' class='avia-slide-wrap '   ><img fetchpriority=\"high\" class=\"wp-image-350 avia-img-lazy-loading-not-350\"  src='https:\/\/anadromos.pt\/wp-content\/uploads\/2019\/05\/projeto-acao-3-certificacao-e.jpg' width='1500' height='600' title='' alt=''  itemprop=\"thumbnailUrl\"   \/><\/div><\/li><li  class='avia-slideshow-slide av-jvjswxof-e1d98675ec8bc83e6ad90c7ab102dac1__2  slide-3 slide-odd'><div data-rel='slideshow-2' class='avia-slide-wrap '   ><img fetchpriority=\"high\" class=\"wp-image-352 avia-img-lazy-loading-not-352\"  src='https:\/\/anadromos.pt\/wp-content\/uploads\/2019\/05\/projeto-acao-3-certificacao-b.jpg' width='1500' height='600' title='' alt=''  itemprop=\"thumbnailUrl\"   \/><\/div><\/li><li  class='avia-slideshow-slide av-jvjswxof-e1d98675ec8bc83e6ad90c7ab102dac1__3  slide-4 slide-even'><div data-rel='slideshow-2' class='avia-slide-wrap '   ><img fetchpriority=\"high\" class=\"wp-image-353 avia-img-lazy-loading-not-353\"  src='https:\/\/anadromos.pt\/wp-content\/uploads\/2019\/05\/projeto-acao-3-certificacao-c.jpg' width='1500' height='600' title='' alt=''  itemprop=\"thumbnailUrl\"   \/><\/div><\/li><li  class='avia-slideshow-slide av-jvjswxof-e1d98675ec8bc83e6ad90c7ab102dac1__4  slide-5 slide-odd'><div data-rel='slideshow-2' class='avia-slide-wrap '   ><img fetchpriority=\"high\" class=\"wp-image-354 avia-img-lazy-loading-not-354\"  src='https:\/\/anadromos.pt\/wp-content\/uploads\/2019\/05\/projeto-acao-3-certificacao-d.jpg' width='1500' height='600' title='' alt=''  itemprop=\"thumbnailUrl\"   \/><\/div><\/li><\/ul><div class='avia-slideshow-arrows avia-slideshow-controls' ><a href='#prev' class='prev-slide ' aria-hidden='true' data-av_icon='\ue87c' data-av_iconfont='entypo-fontello'  tabindex='-1'>Previous<\/a><a href='#next' class='next-slide ' aria-hidden='true' data-av_icon='\ue87d' data-av_iconfont='entypo-fontello'  tabindex='-1'>Next<\/a><\/div><div class='avia-slideshow-dots avia-slideshow-controls'><a href='#1' class='goto-slide active' >1<\/a><a href='#2' class='goto-slide ' >2<\/a><a href='#3' class='goto-slide ' >3<\/a><a href='#4' class='goto-slide ' >4<\/a><a href='#5' class='goto-slide ' >5<\/a><\/div><\/div><br \/>\n\n<style type=\"text\/css\" data-created_by=\"avia_inline_auto\" id=\"style-css-av-jvjsnomn-d9323b6df659fe1397ed6e72115f93bd\">\n#top .hr.hr-invisible.av-jvjsnomn-d9323b6df659fe1397ed6e72115f93bd{\nheight:50px;\n}\n<\/style>\n<div  class='hr av-jvjsnomn-d9323b6df659fe1397ed6e72115f93bd hr-invisible  avia-builder-el-15  el_after_av_slideshow  el_before_av_buttonrow '><span class='hr-inner '><span class=\"hr-inner-style\"><\/span><\/span><\/div><br \/>\n<div  class='avia-buttonrow-wrap av-jvjrtcwr-17186b847d11b4219fe465add737a7cd avia-buttonrow-center  avia-builder-el-16  el_after_av_hr  avia-builder-el-last '>\n\n<style type=\"text\/css\" data-created_by=\"avia_inline_auto\" id=\"style-css-av-1bsjn-c8fd4c41ca4e4c690ab6401910d363f2\">\n#top #wrap_all .avia-button.av-1bsjn-c8fd4c41ca4e4c690ab6401910d363f2{\nmargin-bottom:30px;\nmargin-right:15px;\nmargin-left:15px;\n}\n<\/style>\n<a href='https:\/\/anadromos.pt\/en\/project\/project-action-2\/'  class='avia-button av-1bsjn-c8fd4c41ca4e4c690ab6401910d363f2 avia-icon_select-yes-left-icon avia-size-medium avia-color-theme-color'   aria-label=\"    ACTION 2\"><span class='avia_button_icon avia_button_icon_left ' aria-hidden='true' data-av_icon='\ue874' data-av_iconfont='entypo-fontello'><\/span><span class='avia_iconbox_title' >    ACTION 2<\/span><\/a>\n\n<style type=\"text\/css\" data-created_by=\"avia_inline_auto\" id=\"style-css-av-tk7v-cb26b2dacb6709eeb221affe80056c98\">\n#top #wrap_all .avia-button.av-tk7v-cb26b2dacb6709eeb221affe80056c98{\nmargin-bottom:30px;\nmargin-right:15px;\nmargin-left:15px;\n}\n<\/style>\n<a href='https:\/\/anadromos.pt\/en\/project\/project-action-4\/'  class='avia-button av-tk7v-cb26b2dacb6709eeb221affe80056c98 avia-icon_select-yes-right-icon avia-size-medium avia-color-theme-color'   aria-label=\"ACTION 4    \"><span class='avia_iconbox_title' >ACTION 4    <\/span><span class='avia_button_icon avia_button_icon_right' aria-hidden='true' data-av_icon='\ue875' data-av_iconfont='entypo-fontello'><\/span><\/a>\n<\/div><\/p><\/div>\n","protected":false},"excerpt":{"rendered":"","protected":false},"author":1,"featured_media":0,"parent":296,"menu_order":0,"comment_status":"closed","ping_status":"closed","template":"","meta":{"footnotes":""},"class_list":["post-304","page","type-page","status-publish","hentry"],"yoast_head":"<!-- This site is optimized with the Yoast SEO plugin v26.8 - https:\/\/yoast.com\/product\/yoast-seo-wordpress\/ -->\n<title>PROJECT - Action 3 - Portal da Pesca: An\u00e1dromos<\/title>\n<meta name=\"robots\" content=\"index, follow, max-snippet:-1, max-image-preview:large, max-video-preview:-1\" \/>\n<link rel=\"canonical\" href=\"https:\/\/anadromos.pt\/projeto\/projeto-acao-3\/\" \/>\n<meta property=\"og:locale\" content=\"en_US\" \/>\n<meta property=\"og:type\" content=\"article\" \/>\n<meta property=\"og:title\" content=\"PROJECT - Action 3 - Portal da Pesca: An\u00e1dromos\" \/>\n<meta property=\"og:url\" content=\"https:\/\/anadromos.pt\/projeto\/projeto-acao-3\/\" \/>\n<meta property=\"og:site_name\" content=\"Portal da Pesca: An\u00e1dromos\" \/>\n<meta property=\"article:modified_time\" content=\"2019-07-27T15:00:14+00:00\" \/>\n<meta name=\"twitter:card\" content=\"summary_large_image\" \/>\n<meta name=\"twitter:label1\" content=\"Est. reading time\" \/>\n\t<meta name=\"twitter:data1\" content=\"9 minutes\" \/>\n<script type=\"application\/ld+json\" class=\"yoast-schema-graph\">{\"@context\":\"https:\/\/schema.org\",\"@graph\":[{\"@type\":\"WebPage\",\"@id\":\"https:\/\/anadromos.pt\/projeto\/projeto-acao-3\/\",\"url\":\"https:\/\/anadromos.pt\/projeto\/projeto-acao-3\/\",\"name\":\"PROJECT - Action 3 - Portal da Pesca: An\u00e1dromos\",\"isPartOf\":{\"@id\":\"https:\/\/anadromos.pt\/#website\"},\"datePublished\":\"2019-07-27T14:56:11+00:00\",\"dateModified\":\"2019-07-27T15:00:14+00:00\",\"breadcrumb\":{\"@id\":\"https:\/\/anadromos.pt\/projeto\/projeto-acao-3\/#breadcrumb\"},\"inLanguage\":\"en-US\",\"potentialAction\":[{\"@type\":\"ReadAction\",\"target\":[\"https:\/\/anadromos.pt\/projeto\/projeto-acao-3\/\"]}]},{\"@type\":\"BreadcrumbList\",\"@id\":\"https:\/\/anadromos.pt\/projeto\/projeto-acao-3\/#breadcrumb\",\"itemListElement\":[{\"@type\":\"ListItem\",\"position\":1,\"name\":\"In\u00edcio\",\"item\":\"https:\/\/anadromos.pt\/\"},{\"@type\":\"ListItem\",\"position\":2,\"name\":\"PROJECT\",\"item\":\"https:\/\/anadromos.pt\/en\/project\/\"},{\"@type\":\"ListItem\",\"position\":3,\"name\":\"PROJECT &#8211; Action 3\"}]},{\"@type\":\"WebSite\",\"@id\":\"https:\/\/anadromos.pt\/#website\",\"url\":\"https:\/\/anadromos.pt\/\",\"name\":\"Portal da Pesca: An\u00e1dromos\",\"description\":\"\",\"potentialAction\":[{\"@type\":\"SearchAction\",\"target\":{\"@type\":\"EntryPoint\",\"urlTemplate\":\"https:\/\/anadromos.pt\/?s={search_term_string}\"},\"query-input\":{\"@type\":\"PropertyValueSpecification\",\"valueRequired\":true,\"valueName\":\"search_term_string\"}}],\"inLanguage\":\"en-US\"}]}<\/script>\n<!-- \/ Yoast SEO plugin. -->","yoast_head_json":{"title":"PROJECT - Action 3 - Portal da Pesca: An\u00e1dromos","robots":{"index":"index","follow":"follow","max-snippet":"max-snippet:-1","max-image-preview":"max-image-preview:large","max-video-preview":"max-video-preview:-1"},"canonical":"https:\/\/anadromos.pt\/projeto\/projeto-acao-3\/","og_locale":"en_US","og_type":"article","og_title":"PROJECT - Action 3 - Portal da Pesca: An\u00e1dromos","og_url":"https:\/\/anadromos.pt\/projeto\/projeto-acao-3\/","og_site_name":"Portal da Pesca: An\u00e1dromos","article_modified_time":"2019-07-27T15:00:14+00:00","twitter_card":"summary_large_image","twitter_misc":{"Est. reading time":"9 minutes"},"schema":{"@context":"https:\/\/schema.org","@graph":[{"@type":"WebPage","@id":"https:\/\/anadromos.pt\/projeto\/projeto-acao-3\/","url":"https:\/\/anadromos.pt\/projeto\/projeto-acao-3\/","name":"PROJECT - Action 3 - Portal da Pesca: An\u00e1dromos","isPartOf":{"@id":"https:\/\/anadromos.pt\/#website"},"datePublished":"2019-07-27T14:56:11+00:00","dateModified":"2019-07-27T15:00:14+00:00","breadcrumb":{"@id":"https:\/\/anadromos.pt\/projeto\/projeto-acao-3\/#breadcrumb"},"inLanguage":"en-US","potentialAction":[{"@type":"ReadAction","target":["https:\/\/anadromos.pt\/projeto\/projeto-acao-3\/"]}]},{"@type":"BreadcrumbList","@id":"https:\/\/anadromos.pt\/projeto\/projeto-acao-3\/#breadcrumb","itemListElement":[{"@type":"ListItem","position":1,"name":"In\u00edcio","item":"https:\/\/anadromos.pt\/"},{"@type":"ListItem","position":2,"name":"PROJECT","item":"https:\/\/anadromos.pt\/en\/project\/"},{"@type":"ListItem","position":3,"name":"PROJECT &#8211; Action 3"}]},{"@type":"WebSite","@id":"https:\/\/anadromos.pt\/#website","url":"https:\/\/anadromos.pt\/","name":"Portal da Pesca: An\u00e1dromos","description":"","potentialAction":[{"@type":"SearchAction","target":{"@type":"EntryPoint","urlTemplate":"https:\/\/anadromos.pt\/?s={search_term_string}"},"query-input":{"@type":"PropertyValueSpecification","valueRequired":true,"valueName":"search_term_string"}}],"inLanguage":"en-US"}]}},"_links":{"self":[{"href":"https:\/\/anadromos.pt\/en\/wp-json\/wp\/v2\/pages\/304","targetHints":{"allow":["GET"]}}],"collection":[{"href":"https:\/\/anadromos.pt\/en\/wp-json\/wp\/v2\/pages"}],"about":[{"href":"https:\/\/anadromos.pt\/en\/wp-json\/wp\/v2\/types\/page"}],"author":[{"embeddable":true,"href":"https:\/\/anadromos.pt\/en\/wp-json\/wp\/v2\/users\/1"}],"replies":[{"embeddable":true,"href":"https:\/\/anadromos.pt\/en\/wp-json\/wp\/v2\/comments?post=304"}],"version-history":[{"count":2,"href":"https:\/\/anadromos.pt\/en\/wp-json\/wp\/v2\/pages\/304\/revisions"}],"predecessor-version":[{"id":311,"href":"https:\/\/anadromos.pt\/en\/wp-json\/wp\/v2\/pages\/304\/revisions\/311"}],"up":[{"embeddable":true,"href":"https:\/\/anadromos.pt\/en\/wp-json\/wp\/v2\/pages\/296"}],"wp:attachment":[{"href":"https:\/\/anadromos.pt\/en\/wp-json\/wp\/v2\/media?parent=304"}],"curies":[{"name":"wp","href":"https:\/\/api.w.org\/{rel}","templated":true}]}}